{"id":8422,"date":"2024-12-10T12:20:49","date_gmt":"2024-12-10T11:20:49","guid":{"rendered":"https:\/\/07978620n.es\/?page_id=8422"},"modified":"2026-01-14T18:27:32","modified_gmt":"2026-01-14T17:27:32","slug":"contacto","status":"publish","type":"page","link":"https:\/\/sites7.digitalya.es\/07978620n.es\/contacto\/","title":{"rendered":"Contacto"},"content":{"rendered":"\t\t<div data-elementor-type=\"wp-page\" data-elementor-id=\"8422\" class=\"elementor elementor-8422\" data-elementor-post-type=\"page\">\n\t\t\t\t<main class=\"elementor-element elementor-element-7a63273 e-flex e-con-boxed elementor-repeater-item-default_padding sk-none elementor-repeater-item-none elementor-repeater-item-none_hover e-con e-parent\" data-id=\"7a63273\" data-element_type=\"container\" data-e-type=\"container\" data-settings=\"{&quot;background_background&quot;:&quot;classic&quot;,&quot;ang_container_spacing_size&quot;:&quot;default_padding&quot;}\">\n\t\t\t\t\t<div class=\"e-con-inner\">\n\t\t<div class=\"elementor-element elementor-element-bda130c e-con-full e-flex elementor-repeater-item-default_padding elementor-repeater-item-none elementor-repeater-item-none_hover e-con e-child\" data-id=\"bda130c\" data-element_type=\"container\" data-e-type=\"container\" data-settings=\"{&quot;ang_container_spacing_size&quot;:&quot;default_padding&quot;}\">\n\t\t\t\t<div class=\"elementor-element elementor-element-ec7e645 elementor-repeater-item-none elementor-repeater-item-none_hover elementor-widget elementor-widget-heading\" data-id=\"ec7e645\" data-element_type=\"widget\" data-e-type=\"widget\" data-widget_type=\"heading.default\">\n\t\t\t\t<div class=\"elementor-widget-container\">\n\t\t\t\t\t<h1 class=\"elementor-heading-title elementor-size-default\">Contacta servicios profesionales en Salamanca<\/h1>\t\t\t\t<\/div>\n\t\t\t\t<\/div>\n\t\t\t\t<div class=\"elementor-element elementor-element-2ffb58f elementor-icon-list--layout-inline elementor-tablet-align-center elementor-align-center elementor-mobile-align-center elementor-list-item-link-full_width elementor-repeater-item-none elementor-repeater-item-none_hover elementor-widget elementor-widget-icon-list\" data-id=\"2ffb58f\" data-element_type=\"widget\" data-e-type=\"widget\" data-widget_type=\"icon-list.default\">\n\t\t\t\t<div class=\"elementor-widget-container\">\n\t\t\t\t\t\t\t<ul class=\"elementor-icon-list-items elementor-inline-items\">\n\t\t\t\t\t\t\t<li class=\"elementor-icon-list-item elementor-inline-item\">\n\t\t\t\t\t\t\t\t\t\t\t<span class=\"elementor-icon-list-icon\">\n\t\t\t\t\t\t\t<svg aria-hidden=\"true\" class=\"e-font-icon-svg e-far-dot-circle\" viewBox=\"0 0 512 512\" xmlns=\"http:\/\/www.w3.org\/2000\/svg\"><path d=\"M256 56c110.532 0 200 89.451 200 200 0 110.532-89.451 200-200 200-110.532 0-200-89.451-200-200 0-110.532 89.451-200 200-200m0-48C119.033 8 8 119.033 8 256s111.033 248 248 248 248-111.033 248-248S392.967 8 256 8zm0 168c-44.183 0-80 35.817-80 80s35.817 80 80 80 80-35.817 80-80-35.817-80-80-80z\"><\/path><\/svg>\t\t\t\t\t\t<\/span>\n\t\t\t\t\t\t\t\t\t\t<span class=\"elementor-icon-list-text\">Estamos listos para escucharte<\/span>\n\t\t\t\t\t\t\t\t\t<\/li>\n\t\t\t\t\t\t<\/ul>\n\t\t\t\t\t\t<\/div>\n\t\t\t\t<\/div>\n\t\t\t\t<\/div>\n\t\t\t\t\t<\/div>\n\t\t\t\t<\/main>\n\t\t<div class=\"elementor-element elementor-element-3790ff5 e-con-full e-flex elementor-repeater-item-default_padding sk-none elementor-repeater-item-none elementor-repeater-item-none_hover e-con e-parent\" data-id=\"3790ff5\" data-element_type=\"container\" data-e-type=\"container\" data-settings=\"{&quot;background_background&quot;:&quot;classic&quot;,&quot;ang_container_spacing_size&quot;:&quot;default_padding&quot;}\">\n\t\t<div class=\"elementor-element elementor-element-1351607 e-con-full e-flex elementor-repeater-item-default_padding elementor-repeater-item-none elementor-repeater-item-none_hover e-con e-child\" data-id=\"1351607\" data-element_type=\"container\" data-e-type=\"container\" data-settings=\"{&quot;ang_container_spacing_size&quot;:&quot;default_padding&quot;}\">\n\t\t\t\t<div class=\"elementor-element elementor-element-16c1fc6 elementor-repeater-item-none elementor-repeater-item-none_hover elementor-widget elementor-widget-google_maps\" data-id=\"16c1fc6\" data-element_type=\"widget\" data-e-type=\"widget\" data-widget_type=\"google_maps.default\">\n\t\t\t\t<div class=\"elementor-widget-container\">\n\t\t\t\t\t\t\t<div class=\"elementor-custom-embed\">\n\t\t\t<iframe loading=\"lazy\"\n\t\t\t\t\tsrc=\"https:\/\/maps.google.com\/maps?q=calle%20mu%C3%B1oz%20torrero%201%20entreplanta%20oficina%202%2C%20salamanca%2C%2037007%2C%20salamanca&#038;t=m&#038;z=17&#038;output=embed&#038;iwloc=near\"\n\t\t\t\t\ttitle=\"calle mu\u00f1oz torrero 1 entreplanta oficina 2, salamanca, 37007, salamanca\"\n\t\t\t\t\taria-label=\"calle mu\u00f1oz torrero 1 entreplanta oficina 2, salamanca, 37007, salamanca\"\n\t\t\t><\/iframe>\n\t\t<\/div>\n\t\t\t\t\t\t<\/div>\n\t\t\t\t<\/div>\n\t\t\t\t<\/div>\n\t\t\t\t<\/div>\n\t\t<div class=\"elementor-element elementor-element-85610b0 e-flex e-con-boxed elementor-repeater-item-default_padding sk-none elementor-repeater-item-none elementor-repeater-item-none_hover e-con e-parent\" data-id=\"85610b0\" data-element_type=\"container\" data-e-type=\"container\" data-settings=\"{&quot;background_background&quot;:&quot;classic&quot;,&quot;ang_container_spacing_size&quot;:&quot;default_padding&quot;}\">\n\t\t\t\t\t<div class=\"e-con-inner\">\n\t\t<div class=\"elementor-element elementor-element-17c0a38 e-con-full elementor-repeater-item-none_hover e-flex elementor-repeater-item-default_padding sk-none elementor-repeater-item-none e-con e-child\" data-id=\"17c0a38\" data-element_type=\"container\" data-e-type=\"container\" data-settings=\"{&quot;background_background&quot;:&quot;classic&quot;,&quot;ang_container_spacing_size&quot;:&quot;default_padding&quot;}\">\n\t\t\t\t<div class=\"elementor-element elementor-element-369f6af elementor-view-default elementor-position-block-start elementor-mobile-position-block-start elementor-repeater-item-none elementor-repeater-item-none_hover elementor-widget elementor-widget-icon-box\" data-id=\"369f6af\" data-element_type=\"widget\" data-e-type=\"widget\" data-widget_type=\"icon-box.default\">\n\t\t\t\t<div class=\"elementor-widget-container\">\n\t\t\t\t\t\t\t<div class=\"elementor-icon-box-wrapper\">\n\n\t\t\t\t\t\t<div class=\"elementor-icon-box-icon\">\n\t\t\t\t<span  class=\"elementor-icon\">\n\t\t\t\t<svg aria-hidden=\"true\" class=\"e-font-icon-svg e-fab-whatsapp\" viewBox=\"0 0 448 512\" xmlns=\"http:\/\/www.w3.org\/2000\/svg\"><path d=\"M380.9 97.1C339 55.1 283.2 32 223.9 32c-122.4 0-222 99.6-222 222 0 39.1 10.2 77.3 29.6 111L0 480l117.7-30.9c32.4 17.7 68.9 27 106.1 27h.1c122.3 0 224.1-99.6 224.1-222 0-59.3-25.2-115-67.1-157zm-157 341.6c-33.2 0-65.7-8.9-94-25.7l-6.7-4-69.8 18.3L72 359.2l-4.4-7c-18.5-29.4-28.2-63.3-28.2-98.2 0-101.7 82.8-184.5 184.6-184.5 49.3 0 95.6 19.2 130.4 54.1 34.8 34.9 56.2 81.2 56.1 130.5 0 101.8-84.9 184.6-186.6 184.6zm101.2-138.2c-5.5-2.8-32.8-16.2-37.9-18-5.1-1.9-8.8-2.8-12.5 2.8-3.7 5.6-14.3 18-17.6 21.8-3.2 3.7-6.5 4.2-12 1.4-32.6-16.3-54-29.1-75.5-66-5.7-9.8 5.7-9.1 16.3-30.3 1.8-3.7.9-6.9-.5-9.7-1.4-2.8-12.5-30.1-17.1-41.2-4.5-10.8-9.1-9.3-12.5-9.5-3.2-.2-6.9-.2-10.6-.2-3.7 0-9.7 1.4-14.8 6.9-5.1 5.6-19.4 19-19.4 46.3 0 27.3 19.9 53.7 22.6 57.4 2.8 3.7 39.1 59.7 94.8 83.8 35.2 15.2 49 16.5 66.6 13.9 10.7-1.6 32.8-13.4 37.4-26.4 4.6-13 4.6-24.1 3.2-26.4-1.3-2.5-5-3.9-10.5-6.6z\"><\/path><\/svg>\t\t\t\t<\/span>\n\t\t\t<\/div>\n\t\t\t\n\t\t\t\t\t\t<div class=\"elementor-icon-box-content\">\n\n\t\t\t\t\t\t\t\t\t<h2 class=\"elementor-icon-box-title\">\n\t\t\t\t\t\t<span  >\n\t\t\t\t\t\t\tEscr\u00edbenos tus dudas\t\t\t\t\t\t<\/span>\n\t\t\t\t\t<\/h2>\n\t\t\t\t\n\t\t\t\t\t\t\t\t\t<p class=\"elementor-icon-box-description\">\n\t\t\t\t\t\tRellena el formulario o utiliza nuestros datos de contacto para comunicarte con nosotros. Te responderemos lo antes posible para ayudarte en lo que necesites.\t\t\t\t\t<\/p>\n\t\t\t\t\n\t\t\t<\/div>\n\t\t\t\n\t\t<\/div>\n\t\t\t\t\t\t<\/div>\n\t\t\t\t<\/div>\n\t\t\t\t<div class=\"elementor-element elementor-element-3bbee83 elementor-button-align-center elementor-repeater-item-none elementor-repeater-item-none_hover elementor-widget elementor-widget-form\" data-id=\"3bbee83\" data-element_type=\"widget\" data-e-type=\"widget\" data-settings=\"{&quot;step_next_label&quot;:&quot;Siguiente&quot;,&quot;step_previous_label&quot;:&quot;Anterior&quot;,&quot;button_width&quot;:&quot;30&quot;,&quot;step_type&quot;:&quot;number_text&quot;,&quot;step_icon_shape&quot;:&quot;circle&quot;}\" data-widget_type=\"form.default\">\n\t\t\t\t<div class=\"elementor-widget-container\">\n\t\t\t\t\t\t\t<form class=\"elementor-form\" method=\"post\" name=\"New Form\">\n\t\t\t<input type=\"hidden\" name=\"post_id\" value=\"8422\"\/>\n\t\t\t<input type=\"hidden\" name=\"form_id\" value=\"3bbee83\"\/>\n\t\t\t<input type=\"hidden\" name=\"referer_title\" value=\"Contactar servicios profesionales en Salamanca\" \/>\n\n\t\t\t\t\t\t\t<input type=\"hidden\" name=\"queried_id\" value=\"8422\"\/>\n\t\t\t\n\t\t\t<div class=\"elementor-form-fields-wrapper elementor-labels-above\">\n\t\t\t\t\t\t\t\t<div class=\"elementor-field-type-text elementor-field-group elementor-column elementor-field-group-name elementor-col-50\">\n\t\t\t\t\t\t\t\t\t\t\t\t\t<input size=\"1\" type=\"text\" name=\"form_fields[name]\" id=\"form-field-name\" class=\"elementor-field elementor-size-sm  elementor-field-textual\" placeholder=\"Nombre\">\n\t\t\t\t\t\t\t\t\t\t\t<\/div>\n\t\t\t\t\t\t\t\t<div class=\"elementor-field-type-email elementor-field-group elementor-column elementor-field-group-field_1 elementor-col-50\">\n\t\t\t\t\t\t\t\t\t\t\t\t\t<input size=\"1\" type=\"email\" name=\"form_fields[field_1]\" id=\"form-field-field_1\" class=\"elementor-field elementor-size-sm  elementor-field-textual\" placeholder=\"Email  \">\n\t\t\t\t\t\t\t\t\t\t\t<\/div>\n\t\t\t\t\t\t\t\t<div class=\"elementor-field-type-textarea elementor-field-group elementor-column elementor-field-group-field_2 elementor-col-100\">\n\t\t\t\t\t<textarea class=\"elementor-field-textual elementor-field  elementor-size-sm\" name=\"form_fields[field_2]\" id=\"form-field-field_2\" rows=\"4\" placeholder=\"Mensaje\"><\/textarea>\t\t\t\t<\/div>\n\t\t\t\t\t\t\t\t<div class=\"elementor-field-type-tel elementor-field-group elementor-column elementor-field-group-field_3 elementor-col-100\">\n\t\t\t\t\t\t\t<input size=\"1\" type=\"tel\" name=\"form_fields[field_3]\" id=\"form-field-field_3\" class=\"elementor-field elementor-size-sm  elementor-field-textual\" placeholder=\"Telefono\" pattern=\"[0-9()#&amp;+*-=.]+\" title=\"Solo se aceptan n\u00fameros y caracteres de tel\u00e9fono (#,-,*,etc).\">\n\n\t\t\t\t\t\t<\/div>\n\t\t\t\t\t\t\t\t<div class=\"elementor-field-type-recaptcha_v3 elementor-field-group elementor-column elementor-field-group-field_2541072 elementor-col-100 recaptcha_v3-bottomright\">\n\t\t\t\t\t<div class=\"elementor-field\" id=\"form-field-field_2541072\"><div class=\"elementor-g-recaptcha\" data-sitekey=\"6Lcts0osAAAAAPm0wZu1xFJsSUco3L2MBY_cnNjz\" data-type=\"v3\" data-action=\"Form\" data-badge=\"bottomright\" data-size=\"invisible\"><\/div><\/div>\t\t\t\t<\/div>\n\t\t\t\t\t\t\t\t<div class=\"elementor-field-group elementor-column elementor-field-type-submit elementor-col-30 e-form__buttons\">\n\t\t\t\t\t<button class=\"elementor-button elementor-size-sm elementor-animation-push\" type=\"submit\">\n\t\t\t\t\t\t<span class=\"elementor-button-content-wrapper\">\n\t\t\t\t\t\t\t\t\t\t\t\t\t\t\t\t\t\t\t\t\t\t<span class=\"elementor-button-text\">Enviar<\/span>\n\t\t\t\t\t\t\t\t\t\t\t\t\t<\/span>\n\t\t\t\t\t<\/button>\n\t\t\t\t<\/div>\n\t\t\t<\/div>\n\t\t<\/form>\n\t\t\t\t\t\t<\/div>\n\t\t\t\t<\/div>\n\t\t\t\t<\/div>\n\t\t\t\t\t<\/div>\n\t\t\t\t<\/div>\n\t\t\t\t<\/div>\n\t\t","protected":false},"excerpt":{"rendered":"<p>Contacta servicios profesionales en Salamanca Estamos listos para escucharte Escr\u00edbenos tus dudas Rellena el formulario o utiliza nuestros datos de contacto para comunicarte con nosotros. Te responderemos lo antes posible para ayudarte en lo que necesites.<\/p>\n","protected":false},"author":11,"featured_media":0,"parent":0,"menu_order":0,"comment_status":"closed","ping_status":"closed","template":"elementor_header_footer","meta":{"footnotes":""},"class_list":["post-8422","page","type-page","status-publish"],"yoast_head":"<!-- This site is optimized with the Yoast SEO plugin v27.3 - https:\/\/yoast.com\/product\/yoast-seo-wordpress\/ -->\n<title>Contactar servicios profesionales en Salamanca<\/title>\n<meta name=\"description\" content=\"Ponte en contacto para recibir informaci\u00f3n sobre nuestros servicios profesionales en Salamanca. Atenci\u00f3n r\u00e1pida y personalizada.\" \/>\n<meta name=\"robots\" content=\"index, follow, max-snippet:-1, max-image-preview:large, max-video-preview:-1\" \/>\n<link rel=\"canonical\" href=\"https:\/\/sites7.digitalya.es\/07978620n.es\/contacto\/\" \/>\n<meta property=\"og:locale\" content=\"es_ES\" \/>\n<meta property=\"og:type\" content=\"article\" \/>\n<meta property=\"og:title\" content=\"Contactar servicios profesionales en Salamanca\" \/>\n<meta property=\"og:description\" content=\"Ponte en contacto para recibir informaci\u00f3n sobre nuestros servicios profesionales en Salamanca. Atenci\u00f3n r\u00e1pida y personalizada.\" \/>\n<meta property=\"og:url\" content=\"https:\/\/sites7.digitalya.es\/07978620n.es\/contacto\/\" \/>\n<meta property=\"og:site_name\" content=\"ALONSO ALONSO FRANCISCO\" \/>\n<meta property=\"article:modified_time\" content=\"2026-01-14T17:27:32+00:00\" \/>\n<meta name=\"twitter:card\" content=\"summary_large_image\" \/>\n<meta name=\"twitter:label1\" content=\"Tiempo de lectura\" \/>\n\t<meta name=\"twitter:data1\" content=\"1 minuto\" \/>\n<script type=\"application\/ld+json\" class=\"yoast-schema-graph\">{\"@context\":\"https:\\\/\\\/schema.org\",\"@graph\":[{\"@type\":\"WebPage\",\"@id\":\"https:\\\/\\\/sites7.digitalya.es\\\/07978620n.es\\\/contacto\\\/\",\"url\":\"https:\\\/\\\/sites7.digitalya.es\\\/07978620n.es\\\/contacto\\\/\",\"name\":\"Contactar servicios profesionales en Salamanca\",\"isPartOf\":{\"@id\":\"https:\\\/\\\/sites7.digitalya.es\\\/07978620n.es\\\/#website\"},\"datePublished\":\"2024-12-10T11:20:49+00:00\",\"dateModified\":\"2026-01-14T17:27:32+00:00\",\"description\":\"Ponte en contacto para recibir informaci\u00f3n sobre nuestros servicios profesionales en Salamanca. Atenci\u00f3n r\u00e1pida y personalizada.\",\"breadcrumb\":{\"@id\":\"https:\\\/\\\/sites7.digitalya.es\\\/07978620n.es\\\/contacto\\\/#breadcrumb\"},\"inLanguage\":\"es\",\"potentialAction\":[{\"@type\":\"ReadAction\",\"target\":[\"https:\\\/\\\/sites7.digitalya.es\\\/07978620n.es\\\/contacto\\\/\"]}]},{\"@type\":\"BreadcrumbList\",\"@id\":\"https:\\\/\\\/sites7.digitalya.es\\\/07978620n.es\\\/contacto\\\/#breadcrumb\",\"itemListElement\":[{\"@type\":\"ListItem\",\"position\":1,\"name\":\"Portada\",\"item\":\"https:\\\/\\\/sites7.digitalya.es\\\/07978620n.es\\\/\"},{\"@type\":\"ListItem\",\"position\":2,\"name\":\"Contacto\"}]},{\"@type\":\"WebSite\",\"@id\":\"https:\\\/\\\/sites7.digitalya.es\\\/07978620n.es\\\/#website\",\"url\":\"https:\\\/\\\/sites7.digitalya.es\\\/07978620n.es\\\/\",\"name\":\"ALONSO ALONSO FRANCISCO\",\"description\":\"ALONSO ALONSO FRANCISCO - Administrador \u00danico\",\"publisher\":{\"@id\":\"https:\\\/\\\/sites7.digitalya.es\\\/07978620n.es\\\/#organization\"},\"potentialAction\":[{\"@type\":\"SearchAction\",\"target\":{\"@type\":\"EntryPoint\",\"urlTemplate\":\"https:\\\/\\\/sites7.digitalya.es\\\/07978620n.es\\\/?s={search_term_string}\"},\"query-input\":{\"@type\":\"PropertyValueSpecification\",\"valueRequired\":true,\"valueName\":\"search_term_string\"}}],\"inLanguage\":\"es\"},{\"@type\":\"Organization\",\"@id\":\"https:\\\/\\\/sites7.digitalya.es\\\/07978620n.es\\\/#organization\",\"name\":\"ALONSO ALONSO FRANCISCO\",\"url\":\"https:\\\/\\\/sites7.digitalya.es\\\/07978620n.es\\\/\",\"logo\":{\"@type\":\"ImageObject\",\"inLanguage\":\"es\",\"@id\":\"https:\\\/\\\/sites7.digitalya.es\\\/07978620n.es\\\/#\\\/schema\\\/logo\\\/image\\\/\",\"url\":\"https:\\\/\\\/sites7.digitalya.es\\\/07978620n.es\\\/wp-content\\\/uploads\\\/sites\\\/552\\\/2024\\\/05\\\/Diseno-sin-titulo3-e1768409647533.png\",\"contentUrl\":\"https:\\\/\\\/sites7.digitalya.es\\\/07978620n.es\\\/wp-content\\\/uploads\\\/sites\\\/552\\\/2024\\\/05\\\/Diseno-sin-titulo3-e1768409647533.png\",\"width\":500,\"height\":96,\"caption\":\"ALONSO ALONSO FRANCISCO\"},\"image\":{\"@id\":\"https:\\\/\\\/sites7.digitalya.es\\\/07978620n.es\\\/#\\\/schema\\\/logo\\\/image\\\/\"}}]}<\/script>\n<!-- \/ Yoast SEO plugin. -->","yoast_head_json":{"title":"Contactar servicios profesionales en Salamanca","description":"Ponte en contacto para recibir informaci\u00f3n sobre nuestros servicios profesionales en Salamanca. Atenci\u00f3n r\u00e1pida y personalizada.","robots":{"index":"index","follow":"follow","max-snippet":"max-snippet:-1","max-image-preview":"max-image-preview:large","max-video-preview":"max-video-preview:-1"},"canonical":"https:\/\/sites7.digitalya.es\/07978620n.es\/contacto\/","og_locale":"es_ES","og_type":"article","og_title":"Contactar servicios profesionales en Salamanca","og_description":"Ponte en contacto para recibir informaci\u00f3n sobre nuestros servicios profesionales en Salamanca. Atenci\u00f3n r\u00e1pida y personalizada.","og_url":"https:\/\/sites7.digitalya.es\/07978620n.es\/contacto\/","og_site_name":"ALONSO ALONSO FRANCISCO","article_modified_time":"2026-01-14T17:27:32+00:00","twitter_card":"summary_large_image","twitter_misc":{"Tiempo de lectura":"1 minuto"},"schema":{"@context":"https:\/\/schema.org","@graph":[{"@type":"WebPage","@id":"https:\/\/sites7.digitalya.es\/07978620n.es\/contacto\/","url":"https:\/\/sites7.digitalya.es\/07978620n.es\/contacto\/","name":"Contactar servicios profesionales en Salamanca","isPartOf":{"@id":"https:\/\/sites7.digitalya.es\/07978620n.es\/#website"},"datePublished":"2024-12-10T11:20:49+00:00","dateModified":"2026-01-14T17:27:32+00:00","description":"Ponte en contacto para recibir informaci\u00f3n sobre nuestros servicios profesionales en Salamanca. Atenci\u00f3n r\u00e1pida y personalizada.","breadcrumb":{"@id":"https:\/\/sites7.digitalya.es\/07978620n.es\/contacto\/#breadcrumb"},"inLanguage":"es","potentialAction":[{"@type":"ReadAction","target":["https:\/\/sites7.digitalya.es\/07978620n.es\/contacto\/"]}]},{"@type":"BreadcrumbList","@id":"https:\/\/sites7.digitalya.es\/07978620n.es\/contacto\/#breadcrumb","itemListElement":[{"@type":"ListItem","position":1,"name":"Portada","item":"https:\/\/sites7.digitalya.es\/07978620n.es\/"},{"@type":"ListItem","position":2,"name":"Contacto"}]},{"@type":"WebSite","@id":"https:\/\/sites7.digitalya.es\/07978620n.es\/#website","url":"https:\/\/sites7.digitalya.es\/07978620n.es\/","name":"ALONSO ALONSO FRANCISCO","description":"ALONSO ALONSO FRANCISCO - Administrador \u00danico","publisher":{"@id":"https:\/\/sites7.digitalya.es\/07978620n.es\/#organization"},"potentialAction":[{"@type":"SearchAction","target":{"@type":"EntryPoint","urlTemplate":"https:\/\/sites7.digitalya.es\/07978620n.es\/?s={search_term_string}"},"query-input":{"@type":"PropertyValueSpecification","valueRequired":true,"valueName":"search_term_string"}}],"inLanguage":"es"},{"@type":"Organization","@id":"https:\/\/sites7.digitalya.es\/07978620n.es\/#organization","name":"ALONSO ALONSO FRANCISCO","url":"https:\/\/sites7.digitalya.es\/07978620n.es\/","logo":{"@type":"ImageObject","inLanguage":"es","@id":"https:\/\/sites7.digitalya.es\/07978620n.es\/#\/schema\/logo\/image\/","url":"https:\/\/sites7.digitalya.es\/07978620n.es\/wp-content\/uploads\/sites\/552\/2024\/05\/Diseno-sin-titulo3-e1768409647533.png","contentUrl":"https:\/\/sites7.digitalya.es\/07978620n.es\/wp-content\/uploads\/sites\/552\/2024\/05\/Diseno-sin-titulo3-e1768409647533.png","width":500,"height":96,"caption":"ALONSO ALONSO FRANCISCO"},"image":{"@id":"https:\/\/sites7.digitalya.es\/07978620n.es\/#\/schema\/logo\/image\/"}}]}},"_links":{"self":[{"href":"https:\/\/sites7.digitalya.es\/07978620n.es\/wp-json\/wp\/v2\/pages\/8422","targetHints":{"allow":["GET"]}}],"collection":[{"href":"https:\/\/sites7.digitalya.es\/07978620n.es\/wp-json\/wp\/v2\/pages"}],"about":[{"href":"https:\/\/sites7.digitalya.es\/07978620n.es\/wp-json\/wp\/v2\/types\/page"}],"author":[{"embeddable":true,"href":"https:\/\/sites7.digitalya.es\/07978620n.es\/wp-json\/wp\/v2\/users\/11"}],"replies":[{"embeddable":true,"href":"https:\/\/sites7.digitalya.es\/07978620n.es\/wp-json\/wp\/v2\/comments?post=8422"}],"version-history":[{"count":0,"href":"https:\/\/sites7.digitalya.es\/07978620n.es\/wp-json\/wp\/v2\/pages\/8422\/revisions"}],"wp:attachment":[{"href":"https:\/\/sites7.digitalya.es\/07978620n.es\/wp-json\/wp\/v2\/media?parent=8422"}],"curies":[{"name":"wp","href":"https:\/\/api.w.org\/{rel}","templated":true}]}}